{"id":4915,"date":"2022-02-03T11:18:00","date_gmt":"2022-02-03T08:18:00","guid":{"rendered":"https:\/\/polymex.com.tr\/?post_type=product&#038;p=4915"},"modified":"2025-06-02T23:17:52","modified_gmt":"2025-06-02T20:17:52","slug":"polymex-p-1000-su-izolasyon-malzemesi","status":"publish","type":"product","link":"https:\/\/www.polymex.com.tr\/en\/product-2\/polymex-p-1000-su-izolasyon-malzemesi\/","title":{"rendered":"Polymex P-1000 Su \u0130zolasyon Malzemesi"},"content":{"rendered":"","protected":false},"excerpt":{"rendered":"<p>\u0130ki Bile\u015fenli solvent ihtiva etmeyen Poli\u00fcretan Esasl\u0131 Su \u0130zolasyon ve Yal\u0131t\u0131m Malzemesidir. Poli\u00fcretan Su \u0130zolasyon Malzemesi<\/p>","protected":false},"featured_media":7333,"comment_status":"open","ping_status":"closed","template":"","meta":{"_acf_changed":false},"product_brand":[],"product_cat":[64],"product_tag":[210,110],"class_list":{"0":"post-4915","1":"product","2":"type-product","3":"status-publish","4":"has-post-thumbnail","6":"product_cat-su-izolasyon-ve-yalitim-malzemeleri","7":"product_tag-p-1000","8":"product_tag-su-izolasyon","10":"first","11":"instock","12":"taxable","13":"shipping-taxable","14":"product-type-simple"},"acf":[],"_links":{"self":[{"href":"https:\/\/www.polymex.com.tr\/en\/wp-json\/wp\/v2\/product\/4915","targetHints":{"allow":["GET"]}}],"collection":[{"href":"https:\/\/www.polymex.com.tr\/en\/wp-json\/wp\/v2\/product"}],"about":[{"href":"https:\/\/www.polymex.com.tr\/en\/wp-json\/wp\/v2\/types\/product"}],"replies":[{"embeddable":true,"href":"https:\/\/www.polymex.com.tr\/en\/wp-json\/wp\/v2\/comments?post=4915"}],"version-history":[{"count":0,"href":"https:\/\/www.polymex.com.tr\/en\/wp-json\/wp\/v2\/product\/4915\/revisions"}],"wp:featuredmedia":[{"embeddable":true,"href":"https:\/\/www.polymex.com.tr\/en\/wp-json\/wp\/v2\/media\/7333"}],"wp:attachment":[{"href":"https:\/\/www.polymex.com.tr\/en\/wp-json\/wp\/v2\/media?parent=4915"}],"wp:term":[{"taxonomy":"product_brand","embeddable":true,"href":"https:\/\/www.polymex.com.tr\/en\/wp-json\/wp\/v2\/product_brand?post=4915"},{"taxonomy":"product_cat","embeddable":true,"href":"https:\/\/www.polymex.com.tr\/en\/wp-json\/wp\/v2\/product_cat?post=4915"},{"taxonomy":"product_tag","embeddable":true,"href":"https:\/\/www.polymex.com.tr\/en\/wp-json\/wp\/v2\/product_tag?post=4915"}],"curies":[{"name":"wp","href":"https:\/\/api.w.org\/{rel}","templated":true}]}}