{"id":4887,"date":"2022-02-03T10:30:48","date_gmt":"2022-02-03T07:30:48","guid":{"rendered":"https:\/\/polymex.com.tr\/?post_type=product&#038;p=4887"},"modified":"2026-01-23T17:51:39","modified_gmt":"2026-01-23T14:51:39","slug":"polymex-p-3013-protolin-seffaf","status":"publish","type":"product","link":"https:\/\/www.polymex.com.tr\/en\/product-2\/polymex-p-3013-protolin-seffaf\/","title":{"rendered":"Polymex P-3013 Protoline Transparent"},"content":{"rendered":"","protected":false},"excerpt":{"rendered":"<p>Polymex-3013; Solvent i\u00e7ermeyen, sert ve ya\u00a0esnek\u00a0poli\u00fcretan esasl\u0131 iki bile\u015fenli\u00a0\u00e7ok m\u00fckemmel bir yap\u0131\u015ft\u0131rma ve yal\u0131t\u0131m malzemesidir. Protolin \u015eeffaf<\/p>","protected":false},"featured_media":7257,"comment_status":"open","ping_status":"closed","template":"","meta":{"_acf_changed":false},"product_brand":[],"product_cat":[57,518],"product_tag":[192,193],"class_list":{"0":"post-4887","1":"product","2":"type-product","3":"status-publish","4":"has-post-thumbnail","6":"product_cat-elektrik-izolasyon-ve-dokum-recineleri","7":"product_cat-epoksi-poliuretan-dokum-recineleri","8":"product_tag-p-3013","9":"product_tag-protolin-seffaf","11":"first","12":"instock","13":"taxable","14":"shipping-taxable","15":"product-type-simple"},"acf":[],"_links":{"self":[{"href":"https:\/\/www.polymex.com.tr\/en\/wp-json\/wp\/v2\/product\/4887","targetHints":{"allow":["GET"]}}],"collection":[{"href":"https:\/\/www.polymex.com.tr\/en\/wp-json\/wp\/v2\/product"}],"about":[{"href":"https:\/\/www.polymex.com.tr\/en\/wp-json\/wp\/v2\/types\/product"}],"replies":[{"embeddable":true,"href":"https:\/\/www.polymex.com.tr\/en\/wp-json\/wp\/v2\/comments?post=4887"}],"version-history":[{"count":1,"href":"https:\/\/www.polymex.com.tr\/en\/wp-json\/wp\/v2\/product\/4887\/revisions"}],"predecessor-version":[{"id":8004,"href":"https:\/\/www.polymex.com.tr\/en\/wp-json\/wp\/v2\/product\/4887\/revisions\/8004"}],"wp:featuredmedia":[{"embeddable":true,"href":"https:\/\/www.polymex.com.tr\/en\/wp-json\/wp\/v2\/media\/7257"}],"wp:attachment":[{"href":"https:\/\/www.polymex.com.tr\/en\/wp-json\/wp\/v2\/media?parent=4887"}],"wp:term":[{"taxonomy":"product_brand","embeddable":true,"href":"https:\/\/www.polymex.com.tr\/en\/wp-json\/wp\/v2\/product_brand?post=4887"},{"taxonomy":"product_cat","embeddable":true,"href":"https:\/\/www.polymex.com.tr\/en\/wp-json\/wp\/v2\/product_cat?post=4887"},{"taxonomy":"product_tag","embeddable":true,"href":"https:\/\/www.polymex.com.tr\/en\/wp-json\/wp\/v2\/product_tag?post=4887"}],"curies":[{"name":"wp","href":"https:\/\/api.w.org\/{rel}","templated":true}]}}