{"id":4884,"date":"2022-02-03T10:28:15","date_gmt":"2022-02-03T07:28:15","guid":{"rendered":"https:\/\/polymex.com.tr\/?post_type=product&#038;p=4884"},"modified":"2026-01-23T17:52:20","modified_gmt":"2026-01-23T14:52:20","slug":"polymex-p-3023-seffaf-epoksi-dokum-recinesi","status":"publish","type":"product","link":"https:\/\/www.polymex.com.tr\/en\/product-2\/polymex-p-3023-seffaf-epoksi-dokum-recinesi\/","title":{"rendered":"Polymex P-3023 Transparent Epoxy Casting Resin"},"content":{"rendered":"","protected":false},"excerpt":{"rendered":"<p>Epoksi Re\u00e7ine Esasl\u0131 D\u00fc\u015f\u00fck Vizkoziteli, \u00c7ift bile\u015fenli, \u015eeffaf epoksi d\u00f6k\u00fcm re\u00e7inesidir. D\u00fc\u015f\u00fck vizkoziteli, \u00e7ift bile\u015fenli, \u015feffaf epoksi Elektrik sekt\u00f6r\u00fcnde d\u00f6k\u00fcm re\u00e7inesi olarak kullan\u0131lmaktad\u0131r.<\/p>","protected":false},"featured_media":7258,"comment_status":"open","ping_status":"closed","template":"","meta":{"_acf_changed":false},"product_brand":[],"product_cat":[57,518],"product_tag":[189,190,191],"class_list":{"0":"post-4884","1":"product","2":"type-product","3":"status-publish","4":"has-post-thumbnail","6":"product_cat-elektrik-izolasyon-ve-dokum-recineleri","7":"product_cat-epoksi-poliuretan-dokum-recineleri","8":"product_tag-dokum-recinesi","9":"product_tag-p-3023","10":"product_tag-seffaf-epoksi","12":"first","13":"instock","14":"taxable","15":"shipping-taxable","16":"product-type-simple"},"acf":[],"_links":{"self":[{"href":"https:\/\/www.polymex.com.tr\/en\/wp-json\/wp\/v2\/product\/4884","targetHints":{"allow":["GET"]}}],"collection":[{"href":"https:\/\/www.polymex.com.tr\/en\/wp-json\/wp\/v2\/product"}],"about":[{"href":"https:\/\/www.polymex.com.tr\/en\/wp-json\/wp\/v2\/types\/product"}],"replies":[{"embeddable":true,"href":"https:\/\/www.polymex.com.tr\/en\/wp-json\/wp\/v2\/comments?post=4884"}],"version-history":[{"count":1,"href":"https:\/\/www.polymex.com.tr\/en\/wp-json\/wp\/v2\/product\/4884\/revisions"}],"predecessor-version":[{"id":8006,"href":"https:\/\/www.polymex.com.tr\/en\/wp-json\/wp\/v2\/product\/4884\/revisions\/8006"}],"wp:featuredmedia":[{"embeddable":true,"href":"https:\/\/www.polymex.com.tr\/en\/wp-json\/wp\/v2\/media\/7258"}],"wp:attachment":[{"href":"https:\/\/www.polymex.com.tr\/en\/wp-json\/wp\/v2\/media?parent=4884"}],"wp:term":[{"taxonomy":"product_brand","embeddable":true,"href":"https:\/\/www.polymex.com.tr\/en\/wp-json\/wp\/v2\/product_brand?post=4884"},{"taxonomy":"product_cat","embeddable":true,"href":"https:\/\/www.polymex.com.tr\/en\/wp-json\/wp\/v2\/product_cat?post=4884"},{"taxonomy":"product_tag","embeddable":true,"href":"https:\/\/www.polymex.com.tr\/en\/wp-json\/wp\/v2\/product_tag?post=4884"}],"curies":[{"name":"wp","href":"https:\/\/api.w.org\/{rel}","templated":true}]}}