{"id":4875,"date":"2022-02-03T10:20:32","date_gmt":"2022-02-03T07:20:32","guid":{"rendered":"https:\/\/polymex.com.tr\/?post_type=product&#038;p=4875"},"modified":"2025-06-02T23:17:53","modified_gmt":"2025-06-02T20:17:53","slug":"polymex-p-2013-yanmaz-isi-yalitim-kaplamasi-thermocools","status":"publish","type":"product","link":"https:\/\/www.polymex.com.tr\/en\/product-2\/polymex-p-2013-yanmaz-isi-yalitim-kaplamasi-thermocools\/","title":{"rendered":"Polymex P-2013 Fireproof Thermal Insulation Coating Thermocools"},"content":{"rendered":"","protected":false},"excerpt":{"rendered":"<p>Akrilik Kopolimer re\u00e7ine esasl\u0131, su bazl\u0131, tek kompenantl\u0131, kullan\u0131ma haz\u0131r, elastik her t\u00fcrl\u00fc zemine kolayca uygulanabilen beyaz-gri-krem renkli \u00fczeri boyanabilen s\u00fcrme esasl\u0131 \u0131s\u0131 yal\u0131t\u0131m kaplamas\u0131 su yal\u0131t\u0131m malzemesidir.<\/p>","protected":false},"featured_media":6925,"comment_status":"open","ping_status":"closed","template":"","meta":{"_acf_changed":false},"product_brand":[],"product_cat":[66],"product_tag":[185,184],"class_list":{"0":"post-4875","1":"product","2":"type-product","3":"status-publish","4":"has-post-thumbnail","6":"product_cat-yanmaz-boyalar","7":"product_tag-p-2013","8":"product_tag-yanmaz-isi-yalitim","10":"first","11":"instock","12":"taxable","13":"shipping-taxable","14":"product-type-simple"},"acf":[],"_links":{"self":[{"href":"https:\/\/www.polymex.com.tr\/en\/wp-json\/wp\/v2\/product\/4875","targetHints":{"allow":["GET"]}}],"collection":[{"href":"https:\/\/www.polymex.com.tr\/en\/wp-json\/wp\/v2\/product"}],"about":[{"href":"https:\/\/www.polymex.com.tr\/en\/wp-json\/wp\/v2\/types\/product"}],"replies":[{"embeddable":true,"href":"https:\/\/www.polymex.com.tr\/en\/wp-json\/wp\/v2\/comments?post=4875"}],"version-history":[{"count":0,"href":"https:\/\/www.polymex.com.tr\/en\/wp-json\/wp\/v2\/product\/4875\/revisions"}],"wp:featuredmedia":[{"embeddable":true,"href":"https:\/\/www.polymex.com.tr\/en\/wp-json\/wp\/v2\/media\/6925"}],"wp:attachment":[{"href":"https:\/\/www.polymex.com.tr\/en\/wp-json\/wp\/v2\/media?parent=4875"}],"wp:term":[{"taxonomy":"product_brand","embeddable":true,"href":"https:\/\/www.polymex.com.tr\/en\/wp-json\/wp\/v2\/product_brand?post=4875"},{"taxonomy":"product_cat","embeddable":true,"href":"https:\/\/www.polymex.com.tr\/en\/wp-json\/wp\/v2\/product_cat?post=4875"},{"taxonomy":"product_tag","embeddable":true,"href":"https:\/\/www.polymex.com.tr\/en\/wp-json\/wp\/v2\/product_tag?post=4875"}],"curies":[{"name":"wp","href":"https:\/\/api.w.org\/{rel}","templated":true}]}}