{"id":4872,"date":"2022-02-03T10:17:25","date_gmt":"2022-02-03T07:17:25","guid":{"rendered":"https:\/\/polymex.com.tr\/?post_type=product&#038;p=4872"},"modified":"2025-06-02T23:17:53","modified_gmt":"2025-06-02T20:17:53","slug":"polymex-p-2008-isiya-dayanikli-yanmaz-boya","status":"publish","type":"product","link":"https:\/\/www.polymex.com.tr\/en\/product-2\/polymex-p-2008-isiya-dayanikli-yanmaz-boya\/","title":{"rendered":"Polymex P-2008 Heat Resistant Fireproof Paint"},"content":{"rendered":"","protected":false},"excerpt":{"rendered":"<p>Sentetik ve silikon re\u00e7ine esasl\u0131 antimon trioksit \u00f6zel re\u00e7ine katk\u0131 sayesinde yanmaya kar\u015f\u0131 diren\u00e7lidir. Y\u00fcksek \u0131s\u0131ya dayan\u0131kl\u0131 saf silikon re\u00e7inelerle haz\u0131rlanm\u0131\u015f, koruyucu son kat, \u0131s\u0131ya dayan\u0131kl\u0131 yanmaz boyad\u0131r.<\/p>","protected":false},"featured_media":6678,"comment_status":"open","ping_status":"closed","template":"","meta":{"_acf_changed":false},"product_brand":[],"product_cat":[66],"product_tag":[182,183],"class_list":{"0":"post-4872","1":"product","2":"type-product","3":"status-publish","4":"has-post-thumbnail","6":"product_cat-yanmaz-boyalar","7":"product_tag-p-2008","8":"product_tag-yanmaz-boya","10":"first","11":"instock","12":"taxable","13":"shipping-taxable","14":"product-type-simple"},"acf":[],"_links":{"self":[{"href":"https:\/\/www.polymex.com.tr\/en\/wp-json\/wp\/v2\/product\/4872","targetHints":{"allow":["GET"]}}],"collection":[{"href":"https:\/\/www.polymex.com.tr\/en\/wp-json\/wp\/v2\/product"}],"about":[{"href":"https:\/\/www.polymex.com.tr\/en\/wp-json\/wp\/v2\/types\/product"}],"replies":[{"embeddable":true,"href":"https:\/\/www.polymex.com.tr\/en\/wp-json\/wp\/v2\/comments?post=4872"}],"version-history":[{"count":0,"href":"https:\/\/www.polymex.com.tr\/en\/wp-json\/wp\/v2\/product\/4872\/revisions"}],"wp:featuredmedia":[{"embeddable":true,"href":"https:\/\/www.polymex.com.tr\/en\/wp-json\/wp\/v2\/media\/6678"}],"wp:attachment":[{"href":"https:\/\/www.polymex.com.tr\/en\/wp-json\/wp\/v2\/media?parent=4872"}],"wp:term":[{"taxonomy":"product_brand","embeddable":true,"href":"https:\/\/www.polymex.com.tr\/en\/wp-json\/wp\/v2\/product_brand?post=4872"},{"taxonomy":"product_cat","embeddable":true,"href":"https:\/\/www.polymex.com.tr\/en\/wp-json\/wp\/v2\/product_cat?post=4872"},{"taxonomy":"product_tag","embeddable":true,"href":"https:\/\/www.polymex.com.tr\/en\/wp-json\/wp\/v2\/product_tag?post=4872"}],"curies":[{"name":"wp","href":"https:\/\/api.w.org\/{rel}","templated":true}]}}