{"id":4868,"date":"2022-02-03T10:09:32","date_gmt":"2022-02-03T07:09:32","guid":{"rendered":"https:\/\/polymex.com.tr\/?post_type=product&#038;p=4868"},"modified":"2025-06-02T23:17:53","modified_gmt":"2025-06-02T20:17:53","slug":"polymex-p-2001-uv-yanmaz-boya","status":"publish","type":"product","link":"https:\/\/www.polymex.com.tr\/en\/product-2\/polymex-p-2001-uv-yanmaz-boya\/","title":{"rendered":"Polymex P-2001 UV Fireproof Paint"},"content":{"rendered":"","protected":false},"excerpt":{"rendered":"<p>Sentetik ve silikon re\u00e7ine esasl\u0131, antimon trioksit katk\u0131l\u0131, \u00f6zel re\u00e7ine katk\u0131 sayesinde yanmaya kar\u015f\u0131 diren\u00e7lidir.<\/p>","protected":false},"featured_media":6664,"comment_status":"open","ping_status":"closed","template":"","meta":{"_acf_changed":false},"product_brand":[],"product_cat":[66],"product_tag":[181,180],"class_list":{"0":"post-4868","1":"product","2":"type-product","3":"status-publish","4":"has-post-thumbnail","6":"product_cat-yanmaz-boyalar","7":"product_tag-p-2001","8":"product_tag-uv-yanmaz-boya","10":"first","11":"instock","12":"taxable","13":"shipping-taxable","14":"product-type-simple"},"acf":[],"_links":{"self":[{"href":"https:\/\/www.polymex.com.tr\/en\/wp-json\/wp\/v2\/product\/4868","targetHints":{"allow":["GET"]}}],"collection":[{"href":"https:\/\/www.polymex.com.tr\/en\/wp-json\/wp\/v2\/product"}],"about":[{"href":"https:\/\/www.polymex.com.tr\/en\/wp-json\/wp\/v2\/types\/product"}],"replies":[{"embeddable":true,"href":"https:\/\/www.polymex.com.tr\/en\/wp-json\/wp\/v2\/comments?post=4868"}],"version-history":[{"count":0,"href":"https:\/\/www.polymex.com.tr\/en\/wp-json\/wp\/v2\/product\/4868\/revisions"}],"wp:featuredmedia":[{"embeddable":true,"href":"https:\/\/www.polymex.com.tr\/en\/wp-json\/wp\/v2\/media\/6664"}],"wp:attachment":[{"href":"https:\/\/www.polymex.com.tr\/en\/wp-json\/wp\/v2\/media?parent=4868"}],"wp:term":[{"taxonomy":"product_brand","embeddable":true,"href":"https:\/\/www.polymex.com.tr\/en\/wp-json\/wp\/v2\/product_brand?post=4868"},{"taxonomy":"product_cat","embeddable":true,"href":"https:\/\/www.polymex.com.tr\/en\/wp-json\/wp\/v2\/product_cat?post=4868"},{"taxonomy":"product_tag","embeddable":true,"href":"https:\/\/www.polymex.com.tr\/en\/wp-json\/wp\/v2\/product_tag?post=4868"}],"curies":[{"name":"wp","href":"https:\/\/api.w.org\/{rel}","templated":true}]}}