{"id":4864,"date":"2022-02-03T10:05:13","date_gmt":"2022-02-03T07:05:13","guid":{"rendered":"https:\/\/polymex.com.tr\/?post_type=product&#038;p=4864"},"modified":"2025-06-02T23:17:53","modified_gmt":"2025-06-02T20:17:53","slug":"polymex-p-3004-poliuretan-filtre-yapistirici","status":"publish","type":"product","link":"https:\/\/www.polymex.com.tr\/en\/product-2\/polymex-p-3004-poliuretan-filtre-yapistirici\/","title":{"rendered":"Polymex P-3004 Poli\u00fcretan Filtre Yap\u0131\u015ft\u0131r\u0131c\u0131"},"content":{"rendered":"","protected":false},"excerpt":{"rendered":"<p>Solventsiz \u00a0poli\u00fcretan filtre yap\u0131\u015ft\u0131r\u0131c\u0131s\u0131 do\u011fal ve saf poliollerin kar\u0131\u015f\u0131m\u0131ndan olu\u015fan \u00a0dolguland\u0131r\u0131lm\u0131\u015f h\u0131zl\u0131 k\u00fcrlenen, kimyasallara ve \u0131s\u0131ya kar\u015f\u0131 direnci \u00e7ok y\u00fcksek, anti statik atmosfer \u015fartlardan etkilenmeyen, iki komponentli, poli\u00fcretan yap\u0131\u015ft\u0131r\u0131c\u0131s\u0131d\u0131r. Kesinlikle Solvent i\u00e7ermez. Poli\u00fcretan Filtre Yap\u0131\u015ft\u0131r\u0131c\u0131s\u0131<\/p>","protected":false},"featured_media":7293,"comment_status":"open","ping_status":"closed","template":"","meta":{"_acf_changed":false},"product_brand":[],"product_cat":[61],"product_tag":[179,178],"class_list":{"0":"post-4864","1":"product","2":"type-product","3":"status-publish","4":"has-post-thumbnail","6":"product_cat-poliuretan-ve-epoksi-yapistiricilar","7":"product_tag-filtre-yapistirici","8":"product_tag-p-3004","10":"first","11":"instock","12":"taxable","13":"shipping-taxable","14":"product-type-simple"},"acf":[],"_links":{"self":[{"href":"https:\/\/www.polymex.com.tr\/en\/wp-json\/wp\/v2\/product\/4864","targetHints":{"allow":["GET"]}}],"collection":[{"href":"https:\/\/www.polymex.com.tr\/en\/wp-json\/wp\/v2\/product"}],"about":[{"href":"https:\/\/www.polymex.com.tr\/en\/wp-json\/wp\/v2\/types\/product"}],"replies":[{"embeddable":true,"href":"https:\/\/www.polymex.com.tr\/en\/wp-json\/wp\/v2\/comments?post=4864"}],"version-history":[{"count":0,"href":"https:\/\/www.polymex.com.tr\/en\/wp-json\/wp\/v2\/product\/4864\/revisions"}],"wp:featuredmedia":[{"embeddable":true,"href":"https:\/\/www.polymex.com.tr\/en\/wp-json\/wp\/v2\/media\/7293"}],"wp:attachment":[{"href":"https:\/\/www.polymex.com.tr\/en\/wp-json\/wp\/v2\/media?parent=4864"}],"wp:term":[{"taxonomy":"product_brand","embeddable":true,"href":"https:\/\/www.polymex.com.tr\/en\/wp-json\/wp\/v2\/product_brand?post=4864"},{"taxonomy":"product_cat","embeddable":true,"href":"https:\/\/www.polymex.com.tr\/en\/wp-json\/wp\/v2\/product_cat?post=4864"},{"taxonomy":"product_tag","embeddable":true,"href":"https:\/\/www.polymex.com.tr\/en\/wp-json\/wp\/v2\/product_tag?post=4864"}],"curies":[{"name":"wp","href":"https:\/\/api.w.org\/{rel}","templated":true}]}}