{"id":4852,"date":"2022-02-03T09:52:23","date_gmt":"2022-02-03T06:52:23","guid":{"rendered":"https:\/\/polymex.com.tr\/?post_type=product&#038;p=4852"},"modified":"2025-06-02T23:17:53","modified_gmt":"2025-06-02T20:17:53","slug":"polymex-p-3022-dekoratif-beton-kalip-recinesi","status":"publish","type":"product","link":"https:\/\/www.polymex.com.tr\/en\/product-2\/polymex-p-3022-dekoratif-beton-kalip-recinesi\/","title":{"rendered":"Polymex P-3022 Decorative Concrete Mold Resin"},"content":{"rendered":"","protected":false},"excerpt":{"rendered":"<p>Poli\u00fcretan bazl\u0131, iki komponentli, beton y\u00fczeyine dekoratif desenler vermek ama\u00e7l\u0131 kal\u0131p yap\u0131m\u0131nda kullan\u0131lan kal\u0131p kimyasal\u0131d\u0131r. Dekoratif beton kal\u0131p re\u00e7inesidir.<\/p>","protected":false},"featured_media":7260,"comment_status":"open","ping_status":"closed","template":"","meta":{"_acf_changed":false},"product_brand":[],"product_cat":[57,61],"product_tag":[172,170,171],"class_list":{"0":"post-4852","1":"product","2":"type-product","3":"status-publish","4":"has-post-thumbnail","6":"product_cat-elektrik-izolasyon-ve-dokum-recineleri","7":"product_cat-poliuretan-ve-epoksi-yapistiricilar","8":"product_tag-beton-kalip","9":"product_tag-p-3022","10":"product_tag-recine","12":"first","13":"instock","14":"taxable","15":"shipping-taxable","16":"product-type-simple"},"acf":[],"_links":{"self":[{"href":"https:\/\/www.polymex.com.tr\/en\/wp-json\/wp\/v2\/product\/4852","targetHints":{"allow":["GET"]}}],"collection":[{"href":"https:\/\/www.polymex.com.tr\/en\/wp-json\/wp\/v2\/product"}],"about":[{"href":"https:\/\/www.polymex.com.tr\/en\/wp-json\/wp\/v2\/types\/product"}],"replies":[{"embeddable":true,"href":"https:\/\/www.polymex.com.tr\/en\/wp-json\/wp\/v2\/comments?post=4852"}],"version-history":[{"count":0,"href":"https:\/\/www.polymex.com.tr\/en\/wp-json\/wp\/v2\/product\/4852\/revisions"}],"wp:featuredmedia":[{"embeddable":true,"href":"https:\/\/www.polymex.com.tr\/en\/wp-json\/wp\/v2\/media\/7260"}],"wp:attachment":[{"href":"https:\/\/www.polymex.com.tr\/en\/wp-json\/wp\/v2\/media?parent=4852"}],"wp:term":[{"taxonomy":"product_brand","embeddable":true,"href":"https:\/\/www.polymex.com.tr\/en\/wp-json\/wp\/v2\/product_brand?post=4852"},{"taxonomy":"product_cat","embeddable":true,"href":"https:\/\/www.polymex.com.tr\/en\/wp-json\/wp\/v2\/product_cat?post=4852"},{"taxonomy":"product_tag","embeddable":true,"href":"https:\/\/www.polymex.com.tr\/en\/wp-json\/wp\/v2\/product_tag?post=4852"}],"curies":[{"name":"wp","href":"https:\/\/api.w.org\/{rel}","templated":true}]}}