{"id":4785,"date":"2022-02-02T21:13:31","date_gmt":"2022-02-02T18:13:31","guid":{"rendered":"https:\/\/polymex.com.tr\/?post_type=product&#038;p=4785"},"modified":"2025-06-02T23:17:54","modified_gmt":"2025-06-02T20:17:54","slug":"polymex-p-997-epoksi-astar","status":"publish","type":"product","link":"https:\/\/www.polymex.com.tr\/en\/product-2\/polymex-p-997-epoksi-astar\/","title":{"rendered":"Polymex P-997 Epoxy Primer"},"content":{"rendered":"","protected":false},"excerpt":{"rendered":"<p>Polymex-997; her t\u00fcrl\u00fc Epoksi bazl\u0131 \u00fcr\u00fcn alt\u0131nda astar olarak kullan\u0131l\u0131r. Solvent i\u00e7ermeyen,\u00a0Epoksi esasl\u0131 \u0130ki bile\u015fenli Epoksi astar malzemesidir.<\/p>","protected":false},"featured_media":7245,"comment_status":"open","ping_status":"closed","template":"","meta":{"_acf_changed":false},"product_brand":[],"product_cat":[55],"product_tag":[70,120,135],"class_list":{"0":"post-4785","1":"product","2":"type-product","3":"status-publish","4":"has-post-thumbnail","6":"product_cat-astarlar","7":"product_tag-astar","8":"product_tag-epoksi","9":"product_tag-p-997","11":"first","12":"instock","13":"taxable","14":"shipping-taxable","15":"product-type-simple"},"acf":[],"_links":{"self":[{"href":"https:\/\/www.polymex.com.tr\/en\/wp-json\/wp\/v2\/product\/4785","targetHints":{"allow":["GET"]}}],"collection":[{"href":"https:\/\/www.polymex.com.tr\/en\/wp-json\/wp\/v2\/product"}],"about":[{"href":"https:\/\/www.polymex.com.tr\/en\/wp-json\/wp\/v2\/types\/product"}],"replies":[{"embeddable":true,"href":"https:\/\/www.polymex.com.tr\/en\/wp-json\/wp\/v2\/comments?post=4785"}],"version-history":[{"count":0,"href":"https:\/\/www.polymex.com.tr\/en\/wp-json\/wp\/v2\/product\/4785\/revisions"}],"wp:featuredmedia":[{"embeddable":true,"href":"https:\/\/www.polymex.com.tr\/en\/wp-json\/wp\/v2\/media\/7245"}],"wp:attachment":[{"href":"https:\/\/www.polymex.com.tr\/en\/wp-json\/wp\/v2\/media?parent=4785"}],"wp:term":[{"taxonomy":"product_brand","embeddable":true,"href":"https:\/\/www.polymex.com.tr\/en\/wp-json\/wp\/v2\/product_brand?post=4785"},{"taxonomy":"product_cat","embeddable":true,"href":"https:\/\/www.polymex.com.tr\/en\/wp-json\/wp\/v2\/product_cat?post=4785"},{"taxonomy":"product_tag","embeddable":true,"href":"https:\/\/www.polymex.com.tr\/en\/wp-json\/wp\/v2\/product_tag?post=4785"}],"curies":[{"name":"wp","href":"https:\/\/api.w.org\/{rel}","templated":true}]}}