{"id":4770,"date":"2022-02-02T20:53:52","date_gmt":"2022-02-02T17:53:52","guid":{"rendered":"https:\/\/polymex.com.tr\/?post_type=product&#038;p=4770"},"modified":"2025-06-02T23:17:54","modified_gmt":"2025-06-02T20:17:54","slug":"polymex-p-991-poliuretan-tek-bilesenli-astar","status":"publish","type":"product","link":"https:\/\/www.polymex.com.tr\/en\/product-2\/polymex-p-991-poliuretan-tek-bilesenli-astar\/","title":{"rendered":"Polymex P-991 Polyurethane One Component Primer"},"content":{"rendered":"","protected":false},"excerpt":{"rendered":"<p>Polymex 991; Poli\u00fcretan esasl\u0131, solventli, tek bile\u015fenli astar malzemesidir. Polymex 991, esas\u00a0olarak poli\u00fcretan esasl\u0131 malzemelerin \u00f6n i\u015flemlerinde, astar malzemelerin \u00f6n i\u015fleminde,\u00a0astar malzemesi olarak kullan\u0131l\u0131r.<\/p>","protected":false},"featured_media":6575,"comment_status":"open","ping_status":"closed","template":"","meta":{"_acf_changed":false},"product_brand":[],"product_cat":[55],"product_tag":[70,107,127],"class_list":{"0":"post-4770","1":"product","2":"type-product","3":"status-publish","4":"has-post-thumbnail","6":"product_cat-astarlar","7":"product_tag-astar","8":"product_tag-poliuretan","9":"product_tag-r-991","11":"first","12":"instock","13":"taxable","14":"shipping-taxable","15":"product-type-simple"},"acf":[],"_links":{"self":[{"href":"https:\/\/www.polymex.com.tr\/en\/wp-json\/wp\/v2\/product\/4770","targetHints":{"allow":["GET"]}}],"collection":[{"href":"https:\/\/www.polymex.com.tr\/en\/wp-json\/wp\/v2\/product"}],"about":[{"href":"https:\/\/www.polymex.com.tr\/en\/wp-json\/wp\/v2\/types\/product"}],"replies":[{"embeddable":true,"href":"https:\/\/www.polymex.com.tr\/en\/wp-json\/wp\/v2\/comments?post=4770"}],"version-history":[{"count":0,"href":"https:\/\/www.polymex.com.tr\/en\/wp-json\/wp\/v2\/product\/4770\/revisions"}],"wp:featuredmedia":[{"embeddable":true,"href":"https:\/\/www.polymex.com.tr\/en\/wp-json\/wp\/v2\/media\/6575"}],"wp:attachment":[{"href":"https:\/\/www.polymex.com.tr\/en\/wp-json\/wp\/v2\/media?parent=4770"}],"wp:term":[{"taxonomy":"product_brand","embeddable":true,"href":"https:\/\/www.polymex.com.tr\/en\/wp-json\/wp\/v2\/product_brand?post=4770"},{"taxonomy":"product_cat","embeddable":true,"href":"https:\/\/www.polymex.com.tr\/en\/wp-json\/wp\/v2\/product_cat?post=4770"},{"taxonomy":"product_tag","embeddable":true,"href":"https:\/\/www.polymex.com.tr\/en\/wp-json\/wp\/v2\/product_tag?post=4770"}],"curies":[{"name":"wp","href":"https:\/\/api.w.org\/{rel}","templated":true}]}}