{"id":4767,"date":"2022-02-02T20:49:30","date_gmt":"2022-02-02T17:49:30","guid":{"rendered":"https:\/\/polymex.com.tr\/?post_type=product&#038;p=4767"},"modified":"2025-06-02T23:17:55","modified_gmt":"2025-06-02T20:17:55","slug":"polymex-p-990-epoksi-cinko-fosfat-astar","status":"publish","type":"product","link":"https:\/\/www.polymex.com.tr\/en\/product-2\/polymex-p-990-epoksi-cinko-fosfat-astar\/","title":{"rendered":"Polymex P-990 Epoxy Zinc Phosphate Primer"},"content":{"rendered":"Kolay z\u0131mparalanabilmesi, Sa\u011flad\u0131\u011f\u0131 y\u00fcksek korozyon ve nem direnci, \u00dczerine tatbik edilecek her t\u00fcrl\u00fc\u00a0hava ve f\u0131r\u0131n kurumal\u0131 son katlar i\u00e7in d\u00fczg\u00fcn bir y\u00fczey olu\u015fturmas\u0131. \u00dczerine at\u0131lacak her t\u00fcrl\u00fc boya ve\u00a0kaplama malzemesine zemin haz\u0131rlar.","protected":false},"excerpt":{"rendered":"<p>Polymex 990,iki bile\u015fenli, takviye \u00e7inko fosfat i\u00e7eren, Epoksi Esasl\u0131 bir astard\u0131r.<\/p>","protected":false},"featured_media":7247,"comment_status":"open","ping_status":"closed","template":"","meta":{"_acf_changed":false},"product_brand":[],"product_cat":[55],"product_tag":[70,126,125],"class_list":{"0":"post-4767","1":"product","2":"type-product","3":"status-publish","4":"has-post-thumbnail","6":"product_cat-astarlar","7":"product_tag-astar","8":"product_tag-cinko-fosfat","9":"product_tag-p-990","11":"first","12":"instock","13":"taxable","14":"shipping-taxable","15":"product-type-simple"},"acf":[],"_links":{"self":[{"href":"https:\/\/www.polymex.com.tr\/en\/wp-json\/wp\/v2\/product\/4767","targetHints":{"allow":["GET"]}}],"collection":[{"href":"https:\/\/www.polymex.com.tr\/en\/wp-json\/wp\/v2\/product"}],"about":[{"href":"https:\/\/www.polymex.com.tr\/en\/wp-json\/wp\/v2\/types\/product"}],"replies":[{"embeddable":true,"href":"https:\/\/www.polymex.com.tr\/en\/wp-json\/wp\/v2\/comments?post=4767"}],"version-history":[{"count":0,"href":"https:\/\/www.polymex.com.tr\/en\/wp-json\/wp\/v2\/product\/4767\/revisions"}],"wp:featuredmedia":[{"embeddable":true,"href":"https:\/\/www.polymex.com.tr\/en\/wp-json\/wp\/v2\/media\/7247"}],"wp:attachment":[{"href":"https:\/\/www.polymex.com.tr\/en\/wp-json\/wp\/v2\/media?parent=4767"}],"wp:term":[{"taxonomy":"product_brand","embeddable":true,"href":"https:\/\/www.polymex.com.tr\/en\/wp-json\/wp\/v2\/product_brand?post=4767"},{"taxonomy":"product_cat","embeddable":true,"href":"https:\/\/www.polymex.com.tr\/en\/wp-json\/wp\/v2\/product_cat?post=4767"},{"taxonomy":"product_tag","embeddable":true,"href":"https:\/\/www.polymex.com.tr\/en\/wp-json\/wp\/v2\/product_tag?post=4767"}],"curies":[{"name":"wp","href":"https:\/\/api.w.org\/{rel}","templated":true}]}}