{"id":4751,"date":"2022-02-02T20:22:09","date_gmt":"2022-02-02T17:22:09","guid":{"rendered":"https:\/\/polymex.com.tr\/?post_type=product&#038;p=4751"},"modified":"2025-06-02T23:17:55","modified_gmt":"2025-06-02T20:17:55","slug":"polymex-p-880-solventsiz-epoksi-aluminyum-astari","status":"publish","type":"product","link":"https:\/\/www.polymex.com.tr\/en\/product-2\/polymex-p-880-solventsiz-epoksi-aluminyum-astari\/","title":{"rendered":"Polymex P-880 Solvent Free Epoxy Aluminum Primer"},"content":{"rendered":"","protected":false},"excerpt":{"rendered":"<p>Solventsiz Epoksi Al\u00fcminyum Astar\u0131, , %100 kat\u0131 madde ihtiva eden, Epoksi Re\u00e7ine Esasl\u0131, solventsiz, \u015feffaf iki bile\u015fenli astard\u0131r.<\/p>","protected":false},"featured_media":7237,"comment_status":"open","ping_status":"closed","template":"","meta":{"_acf_changed":false},"product_brand":[],"product_cat":[55],"product_tag":[70,116,115],"class_list":{"0":"post-4751","1":"product","2":"type-product","3":"status-publish","4":"has-post-thumbnail","6":"product_cat-astarlar","7":"product_tag-astar","8":"product_tag-p-880","9":"product_tag-solventsiz","11":"first","12":"instock","13":"taxable","14":"shipping-taxable","15":"product-type-simple"},"acf":[],"_links":{"self":[{"href":"https:\/\/www.polymex.com.tr\/en\/wp-json\/wp\/v2\/product\/4751","targetHints":{"allow":["GET"]}}],"collection":[{"href":"https:\/\/www.polymex.com.tr\/en\/wp-json\/wp\/v2\/product"}],"about":[{"href":"https:\/\/www.polymex.com.tr\/en\/wp-json\/wp\/v2\/types\/product"}],"replies":[{"embeddable":true,"href":"https:\/\/www.polymex.com.tr\/en\/wp-json\/wp\/v2\/comments?post=4751"}],"version-history":[{"count":0,"href":"https:\/\/www.polymex.com.tr\/en\/wp-json\/wp\/v2\/product\/4751\/revisions"}],"wp:featuredmedia":[{"embeddable":true,"href":"https:\/\/www.polymex.com.tr\/en\/wp-json\/wp\/v2\/media\/7237"}],"wp:attachment":[{"href":"https:\/\/www.polymex.com.tr\/en\/wp-json\/wp\/v2\/media?parent=4751"}],"wp:term":[{"taxonomy":"product_brand","embeddable":true,"href":"https:\/\/www.polymex.com.tr\/en\/wp-json\/wp\/v2\/product_brand?post=4751"},{"taxonomy":"product_cat","embeddable":true,"href":"https:\/\/www.polymex.com.tr\/en\/wp-json\/wp\/v2\/product_cat?post=4751"},{"taxonomy":"product_tag","embeddable":true,"href":"https:\/\/www.polymex.com.tr\/en\/wp-json\/wp\/v2\/product_tag?post=4751"}],"curies":[{"name":"wp","href":"https:\/\/api.w.org\/{rel}","templated":true}]}}