{"id":7813,"date":"2025-05-30T11:34:44","date_gmt":"2025-05-30T08:34:44","guid":{"rendered":"https:\/\/www.polymex.com.tr\/?page_id=7813"},"modified":"2025-11-18T16:54:25","modified_gmt":"2025-11-18T13:54:25","slug":"sertifikalarimiz","status":"publish","type":"page","link":"https:\/\/www.polymex.com.tr\/en\/sertifikalarimiz\/","title":{"rendered":"Sertifikalar\u0131m\u0131z"},"content":{"rendered":"<div data-elementor-type=\"wp-page\" data-elementor-id=\"7813\" class=\"elementor elementor-7813\" data-elementor-post-type=\"page\">\n\t\t\t\t<div data-particle_enable=\"false\" data-particle-mobile-disabled=\"false\" class=\"elementor-element elementor-element-1bf35097 e-con-full e-flex e-con e-parent\" data-id=\"1bf35097\" data-element_type=\"container\" data-e-type=\"container\" data-settings=\"{&quot;background_background&quot;:&quot;classic&quot;,&quot;ekit_has_onepagescroll_dot&quot;:&quot;yes&quot;}\">\n\t\t\t\t<div class=\"elementor-element elementor-element-21c83be7 elementor-widget elementor-widget-elementskit-heading\" data-id=\"21c83be7\" data-element_type=\"widget\" data-e-type=\"widget\" data-settings=\"{&quot;ekit_we_effect_on&quot;:&quot;none&quot;}\" data-widget_type=\"elementskit-heading.default\">\n\t\t\t\t<div class=\"elementor-widget-container\">\n\t\t\t\t\t<div class=\"ekit-wid-con\" ><div class=\"ekit-heading elementskit-section-title-wraper center   ekit_heading_tablet-   ekit_heading_mobile-\"><h2 class=\"ekit-heading--title elementskit-section-title\">Polymex Sertifikalar\u0131m\u0131z<\/h2><div class=\"ekit_heading_separetor_wraper ekit_heading_elementskit-border-divider ekit-dotted\"><div class=\"elementskit-border-divider ekit-dotted\"><\/div><\/div>\t\t\t\t<div class='ekit-heading__description'>\n\t\t\t\t\t<p>Kalitenin ve ba\u015far\u0131n\u0131n tesad\u00fcf olmad\u0131\u011f\u0131na inan\u0131yoruz. Uluslararas\u0131 sertifikalar\u0131m\u0131z\u0131 sizlerle payla\u015fmaktan gurur duyuyoruz.\u00a0<\/p>\n\t\t\t\t<\/div>\n\t\t\t<\/div><\/div>\t\t\t\t<\/div>\n\t\t\t\t<\/div>\n\t\t<div data-particle_enable=\"false\" data-particle-mobile-disabled=\"false\" class=\"elementor-element elementor-element-6c63cc63 e-con-full e-flex e-con e-child\" data-id=\"6c63cc63\" data-element_type=\"container\" data-e-type=\"container\" data-settings=\"{&quot;ekit_has_onepagescroll_dot&quot;:&quot;yes&quot;}\">\n\t\t\t\t<div class=\"elementor-element elementor-element-359581a7 elementor-widget__width-initial elementor-widget-mobile__width-inherit ekit-equal-height-disable elementor-widget elementor-widget-elementskit-image-box\" data-id=\"359581a7\" data-element_type=\"widget\" data-e-type=\"widget\" data-settings=\"{&quot;ekit_we_effect_on&quot;:&quot;none&quot;}\" data-widget_type=\"elementskit-image-box.default\">\n\t\t\t\t<div class=\"elementor-widget-container\">\n\t\t\t\t\t<div class=\"ekit-wid-con\" >\n            <div class=\"elementskit-info-image-box ekit-image-box text-center style-modern\" >\n\n                <a href=\"https:\/\/www.polymex.com.tr\/PDF\/iso.pdf\" target=\"_blank\">\n                <div class=\"elementskit-box-header image-box-img-center\">\n\n                    <img fetchpriority=\"high\" decoding=\"async\" width=\"1584\" height=\"2328\" src=\"https:\/\/www.polymex.com.tr\/wp-content\/uploads\/2025\/05\/ISO45001-2018.jpeg\" class=\"attachment-full size-full wp-image-7820\" alt=\"\" srcset=\"https:\/\/www.polymex.com.tr\/wp-content\/uploads\/2025\/05\/ISO45001-2018.jpeg 1584w, https:\/\/www.polymex.com.tr\/wp-content\/uploads\/2025\/05\/ISO45001-2018-204x300.jpeg 204w, https:\/\/www.polymex.com.tr\/wp-content\/uploads\/2025\/05\/ISO45001-2018-697x1024.jpeg 697w, https:\/\/www.polymex.com.tr\/wp-content\/uploads\/2025\/05\/ISO45001-2018-768x1129.jpeg 768w, https:\/\/www.polymex.com.tr\/wp-content\/uploads\/2025\/05\/ISO45001-2018-1045x1536.jpeg 1045w, https:\/\/www.polymex.com.tr\/wp-content\/uploads\/2025\/05\/ISO45001-2018-1393x2048.jpeg 1393w, https:\/\/www.polymex.com.tr\/wp-content\/uploads\/2025\/05\/ISO45001-2018-8x12.jpeg 8w, https:\/\/www.polymex.com.tr\/wp-content\/uploads\/2025\/05\/ISO45001-2018-650x955.jpeg 650w\" sizes=\"(max-width: 1584px) 100vw, 1584px\" \/>\n                <\/div>\n                <\/a>\n                <div class=\"elementskit-box-body ekit-image-box-body\">\n                    <div class=\"elementskit-box-content ekit-image-box-body-inner\">\n                                                <h5 class=\"elementskit-info-box-title\">\n\n                        ISO SERT\u0130F\u0130KALARI\n                        \n                    <\/h5>\n                                                        <\/div>\n\n                            <\/div>\n            <\/div>\n    <\/div>\t\t\t\t<\/div>\n\t\t\t\t<\/div>\n\t\t\t\t<div class=\"elementor-element elementor-element-24daad17 elementor-widget__width-initial elementor-widget-mobile__width-inherit ekit-equal-height-disable elementor-widget elementor-widget-elementskit-image-box\" data-id=\"24daad17\" data-element_type=\"widget\" data-e-type=\"widget\" data-settings=\"{&quot;ekit_we_effect_on&quot;:&quot;none&quot;}\" data-widget_type=\"elementskit-image-box.default\">\n\t\t\t\t<div class=\"elementor-widget-container\">\n\t\t\t\t\t<div class=\"ekit-wid-con\" >\n            <div class=\"elementskit-info-image-box ekit-image-box text-center style-modern\" >\n\n                <a href=\"https:\/\/www.polymex.com.tr\/PDF\/Kapasite.pdf\" target=\"_blank\">\n                <div class=\"elementskit-box-header image-box-img-center\">\n\n                    <img decoding=\"async\" width=\"1219\" height=\"1756\" src=\"https:\/\/www.polymex.com.tr\/wp-content\/uploads\/2025\/05\/Kapasite1.jpeg\" class=\"attachment-full size-full wp-image-7825\" alt=\"\" srcset=\"https:\/\/www.polymex.com.tr\/wp-content\/uploads\/2025\/05\/Kapasite1.jpeg 1219w, https:\/\/www.polymex.com.tr\/wp-content\/uploads\/2025\/05\/Kapasite1-208x300.jpeg 208w, https:\/\/www.polymex.com.tr\/wp-content\/uploads\/2025\/05\/Kapasite1-711x1024.jpeg 711w, https:\/\/www.polymex.com.tr\/wp-content\/uploads\/2025\/05\/Kapasite1-768x1106.jpeg 768w, https:\/\/www.polymex.com.tr\/wp-content\/uploads\/2025\/05\/Kapasite1-1066x1536.jpeg 1066w, https:\/\/www.polymex.com.tr\/wp-content\/uploads\/2025\/05\/Kapasite1-8x12.jpeg 8w, https:\/\/www.polymex.com.tr\/wp-content\/uploads\/2025\/05\/Kapasite1-650x936.jpeg 650w\" sizes=\"(max-width: 1219px) 100vw, 1219px\" \/>\n                <\/div>\n                <\/a>\n                <div class=\"elementskit-box-body ekit-image-box-body\">\n                    <div class=\"elementskit-box-content ekit-image-box-body-inner\">\n                                                <h5 class=\"elementskit-info-box-title\">\n\n                        KAPAS\u0130TE RAPORLARI\n                        \n                    <\/h5>\n                                                        <\/div>\n\n                            <\/div>\n            <\/div>\n    <\/div>\t\t\t\t<\/div>\n\t\t\t\t<\/div>\n\t\t\t\t<div class=\"elementor-element elementor-element-4dd1761c elementor-widget__width-initial elementor-widget-mobile__width-inherit ekit-equal-height-disable elementor-widget elementor-widget-elementskit-image-box\" data-id=\"4dd1761c\" data-element_type=\"widget\" data-e-type=\"widget\" data-settings=\"{&quot;ekit_we_effect_on&quot;:&quot;none&quot;}\" data-widget_type=\"elementskit-image-box.default\">\n\t\t\t\t<div class=\"elementor-widget-container\">\n\t\t\t\t\t<div class=\"ekit-wid-con\" >\n            <div class=\"elementskit-info-image-box ekit-image-box text-center style-modern\" >\n\n                <a href=\"https:\/\/www.polymex.com.tr\/PDF\/tebar.pdf\" target=\"_blank\">\n                <div class=\"elementskit-box-header image-box-img-center\">\n\n                    <img decoding=\"async\" width=\"1654\" height=\"2338\" src=\"https:\/\/www.polymex.com.tr\/wp-content\/uploads\/2025\/05\/tebar1.jpeg\" class=\"attachment-full size-full wp-image-7833\" alt=\"\" srcset=\"https:\/\/www.polymex.com.tr\/wp-content\/uploads\/2025\/05\/tebar1.jpeg 1654w, https:\/\/www.polymex.com.tr\/wp-content\/uploads\/2025\/05\/tebar1-212x300.jpeg 212w, https:\/\/www.polymex.com.tr\/wp-content\/uploads\/2025\/05\/tebar1-724x1024.jpeg 724w, https:\/\/www.polymex.com.tr\/wp-content\/uploads\/2025\/05\/tebar1-768x1086.jpeg 768w, https:\/\/www.polymex.com.tr\/wp-content\/uploads\/2025\/05\/tebar1-1087x1536.jpeg 1087w, https:\/\/www.polymex.com.tr\/wp-content\/uploads\/2025\/05\/tebar1-1449x2048.jpeg 1449w, https:\/\/www.polymex.com.tr\/wp-content\/uploads\/2025\/05\/tebar1-8x12.jpeg 8w, https:\/\/www.polymex.com.tr\/wp-content\/uploads\/2025\/05\/tebar1-650x919.jpeg 650w\" sizes=\"(max-width: 1654px) 100vw, 1654px\" \/>\n                <\/div>\n                <\/a>\n                <div class=\"elementskit-box-body ekit-image-box-body\">\n                    <div class=\"elementskit-box-content ekit-image-box-body-inner\">\n                                                <h5 class=\"elementskit-info-box-title\">\n\n                        T\u00dcRK AKRED\u0130TASYON KURUMU\n                        \n                    <\/h5>\n                                                        <\/div>\n\n                            <\/div>\n            <\/div>\n    <\/div>\t\t\t\t<\/div>\n\t\t\t\t<\/div>\n\t\t\t\t<\/div>\n\t\t<div data-particle_enable=\"false\" data-particle-mobile-disabled=\"false\" class=\"elementor-element elementor-element-4a06335 e-con-full e-flex e-con e-child\" data-id=\"4a06335\" data-element_type=\"container\" data-e-type=\"container\" data-settings=\"{&quot;ekit_has_onepagescroll_dot&quot;:&quot;yes&quot;}\">\n\t\t\t\t<div class=\"elementor-element elementor-element-5fefa3b elementor-widget__width-initial elementor-widget-mobile__width-inherit ekit-equal-height-disable elementor-widget elementor-widget-elementskit-image-box\" data-id=\"5fefa3b\" data-element_type=\"widget\" data-e-type=\"widget\" data-settings=\"{&quot;ekit_we_effect_on&quot;:&quot;none&quot;}\" data-widget_type=\"elementskit-image-box.default\">\n\t\t\t\t<div class=\"elementor-widget-container\">\n\t\t\t\t\t<div class=\"ekit-wid-con\" >\n            <div class=\"elementskit-info-image-box ekit-image-box text-center style-modern\" >\n\n                <a href=\"https:\/\/www.polymex.com.tr\/PDF\/testmer-su.pdf\" target=\"_blank\">\n                <div class=\"elementskit-box-header image-box-img-center\">\n\n                    <img loading=\"lazy\" decoding=\"async\" width=\"903\" height=\"1276\" src=\"https:\/\/www.polymex.com.tr\/wp-content\/uploads\/2025\/05\/TESTMER.jpg\" class=\"attachment-full size-full wp-image-7843\" alt=\"\" srcset=\"https:\/\/www.polymex.com.tr\/wp-content\/uploads\/2025\/05\/TESTMER.jpg 903w, https:\/\/www.polymex.com.tr\/wp-content\/uploads\/2025\/05\/TESTMER-212x300.jpg 212w, https:\/\/www.polymex.com.tr\/wp-content\/uploads\/2025\/05\/TESTMER-725x1024.jpg 725w, https:\/\/www.polymex.com.tr\/wp-content\/uploads\/2025\/05\/TESTMER-768x1085.jpg 768w, https:\/\/www.polymex.com.tr\/wp-content\/uploads\/2025\/05\/TESTMER-8x12.jpg 8w, https:\/\/www.polymex.com.tr\/wp-content\/uploads\/2025\/05\/TESTMER-650x918.jpg 650w\" sizes=\"(max-width: 903px) 100vw, 903px\" \/>\n                <\/div>\n                <\/a>\n                <div class=\"elementskit-box-body ekit-image-box-body\">\n                    <div class=\"elementskit-box-content ekit-image-box-body-inner\">\n                                                <h5 class=\"elementskit-info-box-title\">\n\n                        TESTMER SU ANAL\u0130Z\u0130\n                        \n                    <\/h5>\n                                                        <\/div>\n\n                            <\/div>\n            <\/div>\n    <\/div>\t\t\t\t<\/div>\n\t\t\t\t<\/div>\n\t\t\t\t<div class=\"elementor-element elementor-element-7fff6cd elementor-widget__width-initial elementor-widget-mobile__width-inherit ekit-equal-height-disable elementor-widget elementor-widget-elementskit-image-box\" data-id=\"7fff6cd\" data-element_type=\"widget\" data-e-type=\"widget\" data-settings=\"{&quot;ekit_we_effect_on&quot;:&quot;none&quot;}\" data-widget_type=\"elementskit-image-box.default\">\n\t\t\t\t<div class=\"elementor-widget-container\">\n\t\t\t\t\t<div class=\"ekit-wid-con\" >\n            <div class=\"elementskit-info-image-box ekit-image-box text-center style-modern\" >\n\n                <a href=\"https:\/\/www.polymex.com.tr\/PDF\/eurolab.pdf\" target=\"_blank\">\n                <div class=\"elementskit-box-header image-box-img-center\">\n\n                    <img loading=\"lazy\" decoding=\"async\" width=\"1656\" height=\"2344\" src=\"https:\/\/www.polymex.com.tr\/wp-content\/uploads\/2025\/05\/eurolab.jpeg\" class=\"attachment-full size-full wp-image-7845\" alt=\"\" srcset=\"https:\/\/www.polymex.com.tr\/wp-content\/uploads\/2025\/05\/eurolab.jpeg 1656w, https:\/\/www.polymex.com.tr\/wp-content\/uploads\/2025\/05\/eurolab-212x300.jpeg 212w, https:\/\/www.polymex.com.tr\/wp-content\/uploads\/2025\/05\/eurolab-723x1024.jpeg 723w, https:\/\/www.polymex.com.tr\/wp-content\/uploads\/2025\/05\/eurolab-768x1087.jpeg 768w, https:\/\/www.polymex.com.tr\/wp-content\/uploads\/2025\/05\/eurolab-1085x1536.jpeg 1085w, https:\/\/www.polymex.com.tr\/wp-content\/uploads\/2025\/05\/eurolab-1447x2048.jpeg 1447w, https:\/\/www.polymex.com.tr\/wp-content\/uploads\/2025\/05\/eurolab-8x12.jpeg 8w, https:\/\/www.polymex.com.tr\/wp-content\/uploads\/2025\/05\/eurolab-650x920.jpeg 650w\" sizes=\"(max-width: 1656px) 100vw, 1656px\" \/>\n                <\/div>\n                <\/a>\n                <div class=\"elementskit-box-body ekit-image-box-body\">\n                    <div class=\"elementskit-box-content ekit-image-box-body-inner\">\n                                                <h5 class=\"elementskit-info-box-title\">\n\n                        PRC ZEM\u0130N KAPLAMA\n                        \n                    <\/h5>\n                                                        <\/div>\n\n                            <\/div>\n            <\/div>\n    <\/div>\t\t\t\t<\/div>\n\t\t\t\t<\/div>\n\t\t\t\t<\/div>\n\t\t\t\t<\/div>\n\t\t\t\t<\/div>","protected":false},"excerpt":{"rendered":"<p>Polymex Sertifikalar\u0131m\u0131z Kalitenin ve ba\u015far\u0131n\u0131n tesad\u00fcf olmad\u0131\u011f\u0131na inan\u0131yoruz. Uluslararas\u0131 sertifikalar\u0131m\u0131z\u0131 sizlerle payla\u015fmaktan gurur duyuyoruz.\u00a0 ISO SERT\u0130F\u0130KALARI KAPAS\u0130TE RAPORLARI T\u00dcRK AKRED\u0130TASYON KURUMU TESTMER SU ANAL\u0130Z\u0130 PRC ZEM\u0130N KAPLAMA<\/p>","protected":false},"author":1,"featured_media":0,"parent":0,"menu_order":0,"comment_status":"closed","ping_status":"closed","template":"","meta":{"_acf_changed":false,"footnotes":""},"class_list":["post-7813","page","type-page","status-publish","hentry"],"acf":[],"_links":{"self":[{"href":"https:\/\/www.polymex.com.tr\/en\/wp-json\/wp\/v2\/pages\/7813","targetHints":{"allow":["GET"]}}],"collection":[{"href":"https:\/\/www.polymex.com.tr\/en\/wp-json\/wp\/v2\/pages"}],"about":[{"href":"https:\/\/www.polymex.com.tr\/en\/wp-json\/wp\/v2\/types\/page"}],"author":[{"embeddable":true,"href":"https:\/\/www.polymex.com.tr\/en\/wp-json\/wp\/v2\/users\/1"}],"replies":[{"embeddable":true,"href":"https:\/\/www.polymex.com.tr\/en\/wp-json\/wp\/v2\/comments?post=7813"}],"version-history":[{"count":0,"href":"https:\/\/www.polymex.com.tr\/en\/wp-json\/wp\/v2\/pages\/7813\/revisions"}],"wp:attachment":[{"href":"https:\/\/www.polymex.com.tr\/en\/wp-json\/wp\/v2\/media?parent=7813"}],"curies":[{"name":"wp","href":"https:\/\/api.w.org\/{rel}","templated":true}]}}